{"id":638,"date":"2023-08-04T10:05:47","date_gmt":"2023-08-04T14:05:47","guid":{"rendered":"http:\/\/cliniqueleblancsavaria.ca\/?page_id=638"},"modified":"2023-08-30T11:02:20","modified_gmt":"2023-08-30T15:02:20","slug":"our-prices","status":"publish","type":"page","link":"https:\/\/cliniqueleblancsavaria.ca\/en\/our-prices\/","title":{"rendered":"Our prices"},"content":{"rendered":"","protected":false},"excerpt":{"rendered":"","protected":false},"author":1,"featured_media":0,"parent":0,"menu_order":14,"comment_status":"closed","ping_status":"closed","template":"","meta":{"_acf_changed":false,"inline_featured_image":false,"footnotes":""},"acf":[],"yoast_head":"<!-- This site is optimized with the Yoast SEO plugin v22.0 - https:\/\/yoast.com\/wordpress\/plugins\/seo\/ -->\n<title>Our prices - LeBlanc + Savaria<\/title>\n<meta name=\"robots\" content=\"index, follow, max-snippet:-1, max-image-preview:large, max-video-preview:-1\" \/>\n<link rel=\"canonical\" href=\"https:\/\/cliniqueleblancsavaria.ca\/en\/our-prices\/\" \/>\n<meta property=\"og:locale\" content=\"en_US\" \/>\n<meta property=\"og:type\" content=\"article\" \/>\n<meta property=\"og:title\" content=\"Our prices - LeBlanc + Savaria\" \/>\n<meta property=\"og:url\" content=\"https:\/\/cliniqueleblancsavaria.ca\/en\/our-prices\/\" \/>\n<meta property=\"og:site_name\" content=\"LeBlanc + Savaria\" \/>\n<meta property=\"article:publisher\" content=\"https:\/\/www.facebook.com\/CliniqueLeBlancSavaria\/\" \/>\n<meta property=\"article:modified_time\" content=\"2023-08-30T15:02:20+00:00\" \/>\n<meta property=\"og:image\" content=\"https:\/\/cliniqueleblancsavaria.ca\/wp-content\/uploads\/2024\/02\/coverweb-1080x735px-2024-v2.png\" \/>\n\t<meta property=\"og:image:width\" content=\"1080\" \/>\n\t<meta property=\"og:image:height\" content=\"735\" \/>\n\t<meta property=\"og:image:type\" content=\"image\/png\" \/>\n<meta name=\"twitter:card\" content=\"summary_large_image\" \/>\n<script type=\"application\/ld+json\" class=\"yoast-schema-graph\">{\"@context\":\"https:\/\/schema.org\",\"@graph\":[{\"@type\":\"WebPage\",\"@id\":\"https:\/\/cliniqueleblancsavaria.ca\/en\/our-prices\/\",\"url\":\"https:\/\/cliniqueleblancsavaria.ca\/en\/our-prices\/\",\"name\":\"Our prices - LeBlanc + Savaria\",\"isPartOf\":{\"@id\":\"https:\/\/cliniqueleblancsavaria.ca\/#website\"},\"datePublished\":\"2023-08-04T14:05:47+00:00\",\"dateModified\":\"2023-08-30T15:02:20+00:00\",\"inLanguage\":\"en-US\",\"potentialAction\":[{\"@type\":\"ReadAction\",\"target\":[\"https:\/\/cliniqueleblancsavaria.ca\/en\/our-prices\/\"]}]},{\"@type\":\"WebSite\",\"@id\":\"https:\/\/cliniqueleblancsavaria.ca\/#website\",\"url\":\"https:\/\/cliniqueleblancsavaria.ca\/\",\"name\":\"LeBlanc + Savaria: Cliniques m\u00e9dicales priv\u00e9es \u00e0 Blainville, Laval et Mont-Tremblant\",\"description\":\"Une clinique \u00e0 l\u2019\u00e9coute de vos besoins\",\"publisher\":{\"@id\":\"https:\/\/cliniqueleblancsavaria.ca\/#organization\"},\"potentialAction\":[{\"@type\":\"SearchAction\",\"target\":{\"@type\":\"EntryPoint\",\"urlTemplate\":\"https:\/\/cliniqueleblancsavaria.ca\/?s={search_term_string}\"},\"query-input\":\"required name=search_term_string\"}],\"inLanguage\":\"en-US\"},{\"@type\":\"Organization\",\"@id\":\"https:\/\/cliniqueleblancsavaria.ca\/#organization\",\"name\":\"LeBlanc + Savaria: Cliniques m\u00e9dicales priv\u00e9es \u00e0 Blainville, Laval et Mont-Tremblant\",\"url\":\"https:\/\/cliniqueleblancsavaria.ca\/\",\"logo\":{\"@type\":\"ImageObject\",\"inLanguage\":\"en-US\",\"@id\":\"https:\/\/cliniqueleblancsavaria.ca\/#\/schema\/logo\/image\/\",\"url\":\"https:\/\/cliniqueleblancsavaria.ca\/wp-content\/uploads\/2023\/08\/cropped-cropped-favicon.png\",\"contentUrl\":\"https:\/\/cliniqueleblancsavaria.ca\/wp-content\/uploads\/2023\/08\/cropped-cropped-favicon.png\",\"width\":512,\"height\":512,\"caption\":\"LeBlanc + Savaria: Cliniques m\u00e9dicales priv\u00e9es \u00e0 Blainville, Laval et Mont-Tremblant\"},\"image\":{\"@id\":\"https:\/\/cliniqueleblancsavaria.ca\/#\/schema\/logo\/image\/\"},\"sameAs\":[\"https:\/\/www.facebook.com\/CliniqueLeBlancSavaria\/\"]}]}<\/script>\n<!-- \/ Yoast SEO plugin. -->","yoast_head_json":{"title":"Our prices - LeBlanc + Savaria","robots":{"index":"index","follow":"follow","max-snippet":"max-snippet:-1","max-image-preview":"max-image-preview:large","max-video-preview":"max-video-preview:-1"},"canonical":"https:\/\/cliniqueleblancsavaria.ca\/en\/our-prices\/","og_locale":"en_US","og_type":"article","og_title":"Our prices - LeBlanc + Savaria","og_url":"https:\/\/cliniqueleblancsavaria.ca\/en\/our-prices\/","og_site_name":"LeBlanc + Savaria","article_publisher":"https:\/\/www.facebook.com\/CliniqueLeBlancSavaria\/","article_modified_time":"2023-08-30T15:02:20+00:00","og_image":[{"width":1080,"height":735,"url":"https:\/\/cliniqueleblancsavaria.ca\/wp-content\/uploads\/2024\/02\/coverweb-1080x735px-2024-v2.png","type":"image\/png"}],"twitter_card":"summary_large_image","schema":{"@context":"https:\/\/schema.org","@graph":[{"@type":"WebPage","@id":"https:\/\/cliniqueleblancsavaria.ca\/en\/our-prices\/","url":"https:\/\/cliniqueleblancsavaria.ca\/en\/our-prices\/","name":"Our prices - LeBlanc + Savaria","isPartOf":{"@id":"https:\/\/cliniqueleblancsavaria.ca\/#website"},"datePublished":"2023-08-04T14:05:47+00:00","dateModified":"2023-08-30T15:02:20+00:00","inLanguage":"en-US","potentialAction":[{"@type":"ReadAction","target":["https:\/\/cliniqueleblancsavaria.ca\/en\/our-prices\/"]}]},{"@type":"WebSite","@id":"https:\/\/cliniqueleblancsavaria.ca\/#website","url":"https:\/\/cliniqueleblancsavaria.ca\/","name":"LeBlanc + Savaria: Cliniques m\u00e9dicales priv\u00e9es \u00e0 Blainville, Laval et Mont-Tremblant","description":"Une clinique \u00e0 l\u2019\u00e9coute de vos besoins","publisher":{"@id":"https:\/\/cliniqueleblancsavaria.ca\/#organization"},"potentialAction":[{"@type":"SearchAction","target":{"@type":"EntryPoint","urlTemplate":"https:\/\/cliniqueleblancsavaria.ca\/?s={search_term_string}"},"query-input":"required name=search_term_string"}],"inLanguage":"en-US"},{"@type":"Organization","@id":"https:\/\/cliniqueleblancsavaria.ca\/#organization","name":"LeBlanc + Savaria: Cliniques m\u00e9dicales priv\u00e9es \u00e0 Blainville, Laval et Mont-Tremblant","url":"https:\/\/cliniqueleblancsavaria.ca\/","logo":{"@type":"ImageObject","inLanguage":"en-US","@id":"https:\/\/cliniqueleblancsavaria.ca\/#\/schema\/logo\/image\/","url":"https:\/\/cliniqueleblancsavaria.ca\/wp-content\/uploads\/2023\/08\/cropped-cropped-favicon.png","contentUrl":"https:\/\/cliniqueleblancsavaria.ca\/wp-content\/uploads\/2023\/08\/cropped-cropped-favicon.png","width":512,"height":512,"caption":"LeBlanc + Savaria: Cliniques m\u00e9dicales priv\u00e9es \u00e0 Blainville, Laval et Mont-Tremblant"},"image":{"@id":"https:\/\/cliniqueleblancsavaria.ca\/#\/schema\/logo\/image\/"},"sameAs":["https:\/\/www.facebook.com\/CliniqueLeBlancSavaria\/"]}]}},"_links":{"self":[{"href":"https:\/\/cliniqueleblancsavaria.ca\/en\/wp-json\/wp\/v2\/pages\/638"}],"collection":[{"href":"https:\/\/cliniqueleblancsavaria.ca\/en\/wp-json\/wp\/v2\/pages"}],"about":[{"href":"https:\/\/cliniqueleblancsavaria.ca\/en\/wp-json\/wp\/v2\/types\/page"}],"author":[{"embeddable":true,"href":"https:\/\/cliniqueleblancsavaria.ca\/en\/wp-json\/wp\/v2\/users\/1"}],"replies":[{"embeddable":true,"href":"https:\/\/cliniqueleblancsavaria.ca\/en\/wp-json\/wp\/v2\/comments?post=638"}],"version-history":[{"count":1,"href":"https:\/\/cliniqueleblancsavaria.ca\/en\/wp-json\/wp\/v2\/pages\/638\/revisions"}],"predecessor-version":[{"id":639,"href":"https:\/\/cliniqueleblancsavaria.ca\/en\/wp-json\/wp\/v2\/pages\/638\/revisions\/639"}],"wp:attachment":[{"href":"https:\/\/cliniqueleblancsavaria.ca\/en\/wp-json\/wp\/v2\/media?parent=638"}],"curies":[{"name":"wp","href":"https:\/\/api.w.org\/{rel}","templated":true}]}}