{"id":640,"date":"2023-08-04T10:05:55","date_gmt":"2023-08-04T14:05:55","guid":{"rendered":"http:\/\/cliniqueleblancsavaria.ca\/nous-joindre\/"},"modified":"2024-03-01T13:42:57","modified_gmt":"2024-03-01T18:42:57","slug":"contact-us","status":"publish","type":"page","link":"https:\/\/cliniqueleblancsavaria.ca\/en\/contact-us\/","title":{"rendered":"Contact Us"},"content":{"rendered":"\n<div class=\"page-contact-wrapper\">\n<div class=\"cdm-block-group\"><div class=\"content\"><div class=\"clinique-wrapper\">\n     \n            <div class=\"grid-wrapper\">\n                            <div class=\"post-wrapper animate__fadeIn toAnimate\">\n                                            <a href=\"https:\/\/cliniqueleblancsavaria.ca\/en\/clinics\/blainville\/\">\n                            <figure>\n                                <img loading=\"lazy\" decoding=\"async\" width=\"690\" height=\"265\" src=\"https:\/\/cliniqueleblancsavaria.ca\/wp-content\/uploads\/2023\/08\/hmed-201023b-web-009.jpg\" class=\"attachment-post-thumbnail size-post-thumbnail wp-post-image\" alt=\"Clinique de Blainville\" srcset=\"https:\/\/cliniqueleblancsavaria.ca\/wp-content\/uploads\/2023\/08\/hmed-201023b-web-009.jpg 690w, https:\/\/cliniqueleblancsavaria.ca\/wp-content\/uploads\/2023\/08\/hmed-201023b-web-009-300x115.jpg 300w\" sizes=\"(max-width: 690px) 100vw, 690px\" \/>                            <\/figure>\n                        <\/a>\n                                        <div class=\"border-wrapper\">\n                        <div class=\"link-wrapper\">\n                            <a href=\"https:\/\/cliniqueleblancsavaria.ca\/en\/clinics\/blainville\/\"><h5>Blainville Medical Clinic<\/h5><\/a>\n                        <\/div>\n                        <div class=\"link-wrapper\">\n                            <a class=\"tel\" href=\"tel:450-434-2009\">450-434-2009<\/a>\n                        <\/div>\n                        <div class=\"link-wrapper\">\n                            <a target=\"_blank\" class=\"adresse\" href=\"http:\/\/www.google.ca\/maps\/dir\/\/75 Boulevard des Ch\u00e2teaux, porte 106, suite 117, Blainville, Qu\u00e9bec J7B 2A4, Canada\">75 Boulevard des Ch\u00e2teaux, porte 106, suite 117, Blainville, Qu\u00e9bec J7B 2A4, Canada<\/a>\n                        <\/div>\n                                                <a href=\"https:\/\/cliniqueleblancsavaria.ca\/en\/clinics\/blainville\/\" class=\"button btn-small\">See more<\/a>\n                    <\/div>\n                <\/div>\n                            <div class=\"post-wrapper animate__fadeIn toAnimate\">\n                                            <a href=\"https:\/\/cliniqueleblancsavaria.ca\/en\/clinics\/laval\/\">\n                            <figure>\n                                <img loading=\"lazy\" decoding=\"async\" width=\"690\" height=\"265\" src=\"https:\/\/cliniqueleblancsavaria.ca\/wp-content\/uploads\/2023\/08\/rectangle-4589-1.jpg\" class=\"attachment-post-thumbnail size-post-thumbnail wp-post-image\" alt=\"Clinique Leblanc + Savaria, r\u00e9ception\" srcset=\"https:\/\/cliniqueleblancsavaria.ca\/wp-content\/uploads\/2023\/08\/rectangle-4589-1.jpg 690w, https:\/\/cliniqueleblancsavaria.ca\/wp-content\/uploads\/2023\/08\/rectangle-4589-1-300x115.jpg 300w\" sizes=\"(max-width: 690px) 100vw, 690px\" \/>                            <\/figure>\n                        <\/a>\n                                        <div class=\"border-wrapper\">\n                        <div class=\"link-wrapper\">\n                            <a href=\"https:\/\/cliniqueleblancsavaria.ca\/en\/clinics\/laval\/\"><h5>Laval Medical Clinic<\/h5><\/a>\n                        <\/div>\n                        <div class=\"link-wrapper\">\n                            <a class=\"tel\" href=\"tel:450-314-8759\">450-314-8759<\/a>\n                        <\/div>\n                        <div class=\"link-wrapper\">\n                            <a target=\"_blank\" class=\"adresse\" href=\"http:\/\/www.google.ca\/maps\/dir\/\/ 2458 Boulevard du Cur\u00e9-Labelle, Laval, Qu\u00e9bec H7T 1R1, Canada\"> 2458 Boulevard du Cur\u00e9-Labelle, Laval, Qu\u00e9bec H7T 1R1, Canada<\/a>\n                        <\/div>\n                                                <a href=\"https:\/\/cliniqueleblancsavaria.ca\/en\/clinics\/laval\/\" class=\"button btn-small\">See more<\/a>\n                    <\/div>\n                <\/div>\n                            <div class=\"post-wrapper animate__fadeIn toAnimate\">\n                                            <a href=\"https:\/\/cliniqueleblancsavaria.ca\/en\/clinics\/mont-tremblant\/\">\n                            <figure>\n                                <img loading=\"lazy\" decoding=\"async\" width=\"690\" height=\"265\" src=\"https:\/\/cliniqueleblancsavaria.ca\/wp-content\/uploads\/2023\/08\/mont-tremblant-3.jpg\" class=\"attachment-post-thumbnail size-post-thumbnail wp-post-image\" alt=\"\" srcset=\"https:\/\/cliniqueleblancsavaria.ca\/wp-content\/uploads\/2023\/08\/mont-tremblant-3.jpg 690w, https:\/\/cliniqueleblancsavaria.ca\/wp-content\/uploads\/2023\/08\/mont-tremblant-3-300x115.jpg 300w\" sizes=\"(max-width: 690px) 100vw, 690px\" \/>                            <\/figure>\n                        <\/a>\n                                        <div class=\"border-wrapper\">\n                        <div class=\"link-wrapper\">\n                            <a href=\"https:\/\/cliniqueleblancsavaria.ca\/en\/clinics\/mont-tremblant\/\"><h5>Mont-Tremblant Medical Clinic<\/h5><\/a>\n                        <\/div>\n                        <div class=\"link-wrapper\">\n                            <a class=\"tel\" href=\"tel:873-563-5009\">873-563-5009<\/a>\n                        <\/div>\n                        <div class=\"link-wrapper\">\n                            <a target=\"_blank\" class=\"adresse\" href=\"http:\/\/www.google.ca\/maps\/dir\/\/447 Rue Charbonneau, Mont-Tremblant, Qu\u00e9bec J8E 3H4, Canada\">447 Rue Charbonneau, Mont-Tremblant, Qu\u00e9bec J8E 3H4, Canada<\/a>\n                        <\/div>\n                                                <a href=\"https:\/\/cliniqueleblancsavaria.ca\/en\/clinics\/mont-tremblant\/\" class=\"button btn-small\">See more<\/a>\n                    <\/div>\n                <\/div>\n                            <div class=\"post-wrapper animate__fadeIn toAnimate\">\n                                            <a href=\"https:\/\/cliniqueleblancsavaria.ca\/en\/clinics\/medical-dermatology\/\">\n                            <figure>\n                                <img loading=\"lazy\" decoding=\"async\" width=\"690\" height=\"269\" src=\"https:\/\/cliniqueleblancsavaria.ca\/wp-content\/uploads\/2025\/05\/banner-dermato.jpg\" class=\"attachment-post-thumbnail size-post-thumbnail wp-post-image\" alt=\"\" srcset=\"https:\/\/cliniqueleblancsavaria.ca\/wp-content\/uploads\/2025\/05\/banner-dermato.jpg 690w, https:\/\/cliniqueleblancsavaria.ca\/wp-content\/uploads\/2025\/05\/banner-dermato-300x117.jpg 300w\" sizes=\"(max-width: 690px) 100vw, 690px\" \/>                            <\/figure>\n                        <\/a>\n                                        <div class=\"border-wrapper\">\n                        <div class=\"link-wrapper\">\n                            <a href=\"https:\/\/cliniqueleblancsavaria.ca\/en\/clinics\/medical-dermatology\/\"><h5>Medical dermatology clinic<\/h5><\/a>\n                        <\/div>\n                        <div class=\"link-wrapper\">\n                            <a class=\"tel\" href=\"tel:450-434-2009\">450-434-2009<\/a>\n                        <\/div>\n                        <div class=\"link-wrapper\">\n                            <a target=\"_blank\" class=\"adresse\" href=\"http:\/\/www.google.ca\/maps\/dir\/\/75 Boulevard des Ch\u00e2teaux suite 119, Blainville, Qu\u00e9bec J7B 2A4, Canada\">75 Boulevard des Ch\u00e2teaux suite 119, Blainville, Qu\u00e9bec J7B 2A4, Canada<\/a>\n                        <\/div>\n                                                <a href=\"https:\/\/cliniqueleblancsavaria.ca\/en\/clinics\/medical-dermatology\/\" class=\"button btn-small\">See more<\/a>\n                    <\/div>\n                <\/div>\n                    <\/div>\n        <\/div>\n\n<div class=\"info-contact-wrapper is-style-column\">\r\n\t<!-- <div class=\"info-contact\">\r\n\t\t\t\t\t<div class=\"element-wrapper\">\r\n\t\t\t\t<i class=\"info-icon fas fa-phone\"><\/i>\r\n\t\t\t\t<a class=\"phone\" href=\"tel:450-434-2009\">450-434-2009<\/a>\r\n\t\t\t<\/div>\r\n\t\t\t\t\t\t\t<div class=\"element-wrapper\">\r\n\t\t\t\t<i class=\"info-icon fas fa-map-marker-alt\"><\/i>\r\n\t\t\t\t<a data-direction=\"75 Boulevard des Ch\u00e2teaux, Blainville, Qu\u00e9bec J7B 2A4, Canada\" rel=\"noopener\"  class=\"footer-address\" href=\"http:\/\/www.google.ca\/maps\/dir\/\/75+Boulevard+des+Ch%C3%A2teaux%2C+Blainville%2C+Qu%C3%A9bec+J7B+2A4%2C+Canada\" target=\"_blank\">\r\n\t\t\t\t\t75 Boulevard des Ch\u00e2teaux, Blainville, Qu\u00e9bec J7B 2A4, Canada\t\t\t\t<\/a>\r\n\t\t\t<\/div>\r\n\t\t\t\t\t<\/div> -->\r\n\t<div class=\"info-sociaux animate__fadeInUp toAnimate\">\r\n\t\t<ul class=\"sociaux\">\r\n            <li><a href=\"https:\/\/www.facebook.com\/CliniqueLeBlancSavaria\/\" target=\"_blank\" rel=\"noopener\" title=\"View our Facebook page\"><i class=\"fab fa-fw fa-facebook-f\" aria-hidden=\"true\"><\/i><\/a><\/li>\r\n    \r\n    \r\n            <li><a href=\"https:\/\/www.linkedin.com\/company\/clinique-leblanc-savaria\/\" target=\"_blank\" rel=\"noopener\" title=\"View our Linkedin page\"><i class=\"fa-brands fa-linkedin-in\"><\/i><\/a><\/li>\r\n    \r\n            <li><a href=\"https:\/\/www.instagram.com\/cliniques.leblancsavaria\/\" target=\"_blank\" rel=\"noopener\" title=\"View our Instagram page\"><i class=\"fab fa-fw fa-instagram\" aria-hidden=\"true\"><\/i><\/a><\/li>\r\n    \r\n            <li><a href=\"https:\/\/www.youtube.com\/@cliniqueleblancsavaria8544\" target=\"_blank\" rel=\"noopener\" title=\"View our Youtube page\"><i class=\"fab fa-fw fa-youtube\" aria-hidden=\"true\"><\/i><\/a><\/li>\r\n    \r\n    <\/ul>\t<\/div>\t\r\n<\/div>\r\n<\/div><\/div>\n\n\n\n<div class=\"cdm-block-group\"><div class=\"content\">\n<h2 class=\"wp-block-heading has-text-align-center animate__fadeIn toAnimate\">You have a question?<\/h2>\n\n\n\n<p class=\"has-text-align-center\">*Note that no appointments will be made via this form.<br>Please contact a clinic directly using the contact details above, or go through the customer portal.<\/p>\n\n\n<div class=\"contact-form animate__fadeInUp toAnimate\">\r\n\t<div id=\"form-688\" class=\"cf7-wrapper\" >\r\n\t\t\n<div class=\"wpcf7 no-js\" id=\"wpcf7-f688-o1\" lang=\"fr-CA\" dir=\"ltr\">\n<div class=\"screen-reader-response\"><p role=\"status\" aria-live=\"polite\" aria-atomic=\"true\"><\/p> <ul><\/ul><\/div>\n<form action=\"\/en\/wp-json\/wp\/v2\/pages\/640#wpcf7-f688-o1\" method=\"post\" class=\"wpcf7-form init\" aria-label=\"Contact form\" novalidate=\"novalidate\" data-status=\"init\">\n<div style=\"display: none;\">\n<input type=\"hidden\" name=\"_wpcf7\" value=\"688\" \/>\n<input type=\"hidden\" name=\"_wpcf7_version\" value=\"5.8.7\" \/>\n<input type=\"hidden\" name=\"_wpcf7_locale\" value=\"fr_CA\" \/>\n<input type=\"hidden\" name=\"_wpcf7_unit_tag\" value=\"wpcf7-f688-o1\" \/>\n<input type=\"hidden\" name=\"_wpcf7_container_post\" value=\"0\" \/>\n<input type=\"hidden\" name=\"_wpcf7_posted_data_hash\" value=\"\" \/>\n<input type=\"hidden\" name=\"_wpcf7_recaptcha_response\" value=\"\" \/>\n<\/div>\n<div class=\"form-row\">\n\t<div class=\"input-wrapper col-4\">\n\t\t<p><span class=\"wpcf7-form-control-wrap\" data-name=\"prenom\"><input size=\"40\" class=\"wpcf7-form-control wpcf7-text wpcf7-validates-as-required\" aria-required=\"true\" aria-invalid=\"false\" placeholder=\"Name*\" value=\"\" type=\"text\" name=\"prenom\" \/><\/span>\n\t\t<\/p>\n\t<\/div>\n\t<div class=\"input-wrapper col-4\">\n\t\t<p><span class=\"wpcf7-form-control-wrap\" data-name=\"nom\"><input size=\"40\" class=\"wpcf7-form-control wpcf7-text wpcf7-validates-as-required\" aria-required=\"true\" aria-invalid=\"false\" placeholder=\"Last name*\" value=\"\" type=\"text\" name=\"nom\" \/><\/span>\n\t\t<\/p>\n\t<\/div>\n\t<div class=\"input-wrapper col-4\">\n\t\t<p><span class=\"wpcf7-form-control-wrap\" data-name=\"courriel\"><input size=\"40\" class=\"wpcf7-form-control wpcf7-email wpcf7-validates-as-required wpcf7-text wpcf7-validates-as-email\" aria-required=\"true\" aria-invalid=\"false\" placeholder=\"Email address*\" value=\"\" type=\"email\" name=\"courriel\" \/><\/span>\n\t\t<\/p>\n\t<\/div>\n<\/div>\n<div class=\"form-row\">\n\t<div class=\"input-wrapper col-12\">\n\t\t<p><span class=\"wpcf7-form-control-wrap\" data-name=\"message\"><textarea cols=\"40\" rows=\"10\" class=\"wpcf7-form-control wpcf7-textarea\" aria-invalid=\"false\" placeholder=\"Messages\" name=\"message\"><\/textarea><\/span>\n\t\t<\/p>\n\t<\/div>\n<\/div>\n<div class=\"wp-container-10 wp-block-buttons\">\n\t<div class=\"wp-block-buttons\">\n\t\t<p><button type=\"submit\" class=\"wpcf7-form-control has-spinner wpcf7-submit button\">Submit<\/button>\n\t\t<\/p>\n\t<\/div>\n<\/div><div class=\"wpcf7-response-output\" aria-hidden=\"true\"><\/div>\n<\/form>\n<\/div>\n\t<\/div>\r\n<\/div>\r\n<\/div><\/div>\n\n\n<div id=\"cdm-map\" class=\"cdm_map loading map-h-600\" data-theme=\"light\" data-icon-color=\"\"><\/div><\/div>\n","protected":false},"excerpt":{"rendered":"","protected":false},"author":1,"featured_media":0,"parent":0,"menu_order":15,"comment_status":"closed","ping_status":"closed","template":"","meta":{"_acf_changed":false,"inline_featured_image":false,"footnotes":""},"acf":[],"yoast_head":"<!-- This site is optimized with the Yoast SEO plugin v22.0 - https:\/\/yoast.com\/wordpress\/plugins\/seo\/ -->\n<title>Contact us - Private Medical Clinic in Blainville, Laval and Mont-Tremblant - LeBlanc + Savaria<\/title>\n<meta name=\"description\" content=\"LeBlanc + Savaria Private Medical Clinics - Portes du Fontainebleau. 75, boul. des Ch\u00e2teaux, bur. 206, Blainville, QC, J7B 2A4. Exit 24 on Autoroute 640.\" \/>\n<meta name=\"robots\" content=\"index, follow, max-snippet:-1, max-image-preview:large, max-video-preview:-1\" \/>\n<link rel=\"canonical\" href=\"https:\/\/cliniqueleblancsavaria.ca\/en\/contact-us\/\" \/>\n<meta property=\"og:locale\" content=\"en_US\" \/>\n<meta property=\"og:type\" content=\"article\" \/>\n<meta property=\"og:title\" content=\"Contact us - Private Medical Clinic in Blainville, Laval and Mont-Tremblant - LeBlanc + Savaria\" \/>\n<meta property=\"og:description\" content=\"LeBlanc + Savaria Private Medical Clinics - Portes du Fontainebleau. 75, boul. des Ch\u00e2teaux, bur. 206, Blainville, QC, J7B 2A4. Exit 24 on Autoroute 640.\" \/>\n<meta property=\"og:url\" content=\"https:\/\/cliniqueleblancsavaria.ca\/en\/contact-us\/\" \/>\n<meta property=\"og:site_name\" content=\"LeBlanc + Savaria\" \/>\n<meta property=\"article:publisher\" content=\"https:\/\/www.facebook.com\/CliniqueLeBlancSavaria\/\" \/>\n<meta property=\"article:modified_time\" content=\"2024-03-01T18:42:57+00:00\" \/>\n<meta property=\"og:image\" content=\"https:\/\/cliniqueleblancsavaria.ca\/wp-content\/uploads\/2024\/01\/clinique-blainville.png\" \/>\n\t<meta property=\"og:image:width\" content=\"630\" \/>\n\t<meta property=\"og:image:height\" content=\"509\" \/>\n\t<meta property=\"og:image:type\" content=\"image\/png\" \/>\n<meta name=\"twitter:card\" content=\"summary_large_image\" \/>\n<meta name=\"twitter:label1\" content=\"Est. reading time\" \/>\n\t<meta name=\"twitter:data1\" content=\"1 minute\" \/>\n<script type=\"application\/ld+json\" class=\"yoast-schema-graph\">{\"@context\":\"https:\/\/schema.org\",\"@graph\":[{\"@type\":\"WebPage\",\"@id\":\"https:\/\/cliniqueleblancsavaria.ca\/en\/contact-us\/\",\"url\":\"https:\/\/cliniqueleblancsavaria.ca\/en\/contact-us\/\",\"name\":\"Contact us - Private Medical Clinic in Blainville, Laval and Mont-Tremblant - LeBlanc + Savaria\",\"isPartOf\":{\"@id\":\"https:\/\/cliniqueleblancsavaria.ca\/#website\"},\"datePublished\":\"2023-08-04T14:05:55+00:00\",\"dateModified\":\"2024-03-01T18:42:57+00:00\",\"description\":\"LeBlanc + Savaria Private Medical Clinics - Portes du Fontainebleau. 75, boul. des Ch\u00e2teaux, bur. 206, Blainville, QC, J7B 2A4. Exit 24 on Autoroute 640.\",\"inLanguage\":\"en-US\",\"potentialAction\":[{\"@type\":\"ReadAction\",\"target\":[\"https:\/\/cliniqueleblancsavaria.ca\/en\/contact-us\/\"]}]},{\"@type\":\"WebSite\",\"@id\":\"https:\/\/cliniqueleblancsavaria.ca\/#website\",\"url\":\"https:\/\/cliniqueleblancsavaria.ca\/\",\"name\":\"LeBlanc + Savaria: Cliniques m\u00e9dicales priv\u00e9es \u00e0 Blainville, Laval et Mont-Tremblant\",\"description\":\"Une clinique \u00e0 l\u2019\u00e9coute de vos besoins\",\"publisher\":{\"@id\":\"https:\/\/cliniqueleblancsavaria.ca\/#organization\"},\"potentialAction\":[{\"@type\":\"SearchAction\",\"target\":{\"@type\":\"EntryPoint\",\"urlTemplate\":\"https:\/\/cliniqueleblancsavaria.ca\/?s={search_term_string}\"},\"query-input\":\"required name=search_term_string\"}],\"inLanguage\":\"en-US\"},{\"@type\":\"Organization\",\"@id\":\"https:\/\/cliniqueleblancsavaria.ca\/#organization\",\"name\":\"LeBlanc + Savaria: Cliniques m\u00e9dicales priv\u00e9es \u00e0 Blainville, Laval et Mont-Tremblant\",\"url\":\"https:\/\/cliniqueleblancsavaria.ca\/\",\"logo\":{\"@type\":\"ImageObject\",\"inLanguage\":\"en-US\",\"@id\":\"https:\/\/cliniqueleblancsavaria.ca\/#\/schema\/logo\/image\/\",\"url\":\"https:\/\/cliniqueleblancsavaria.ca\/wp-content\/uploads\/2023\/08\/cropped-cropped-favicon.png\",\"contentUrl\":\"https:\/\/cliniqueleblancsavaria.ca\/wp-content\/uploads\/2023\/08\/cropped-cropped-favicon.png\",\"width\":512,\"height\":512,\"caption\":\"LeBlanc + Savaria: Cliniques m\u00e9dicales priv\u00e9es \u00e0 Blainville, Laval et Mont-Tremblant\"},\"image\":{\"@id\":\"https:\/\/cliniqueleblancsavaria.ca\/#\/schema\/logo\/image\/\"},\"sameAs\":[\"https:\/\/www.facebook.com\/CliniqueLeBlancSavaria\/\"]}]}<\/script>\n<!-- \/ Yoast SEO plugin. -->","yoast_head_json":{"title":"Contact us - Private Medical Clinic in Blainville, Laval and Mont-Tremblant - LeBlanc + Savaria","description":"LeBlanc + Savaria Private Medical Clinics - Portes du Fontainebleau. 75, boul. des Ch\u00e2teaux, bur. 206, Blainville, QC, J7B 2A4. Exit 24 on Autoroute 640.","robots":{"index":"index","follow":"follow","max-snippet":"max-snippet:-1","max-image-preview":"max-image-preview:large","max-video-preview":"max-video-preview:-1"},"canonical":"https:\/\/cliniqueleblancsavaria.ca\/en\/contact-us\/","og_locale":"en_US","og_type":"article","og_title":"Contact us - Private Medical Clinic in Blainville, Laval and Mont-Tremblant - LeBlanc + Savaria","og_description":"LeBlanc + Savaria Private Medical Clinics - Portes du Fontainebleau. 75, boul. des Ch\u00e2teaux, bur. 206, Blainville, QC, J7B 2A4. Exit 24 on Autoroute 640.","og_url":"https:\/\/cliniqueleblancsavaria.ca\/en\/contact-us\/","og_site_name":"LeBlanc + Savaria","article_publisher":"https:\/\/www.facebook.com\/CliniqueLeBlancSavaria\/","article_modified_time":"2024-03-01T18:42:57+00:00","og_image":[{"width":630,"height":509,"url":"https:\/\/cliniqueleblancsavaria.ca\/wp-content\/uploads\/2024\/01\/clinique-blainville.png","type":"image\/png"}],"twitter_card":"summary_large_image","twitter_misc":{"Est. reading time":"1 minute"},"schema":{"@context":"https:\/\/schema.org","@graph":[{"@type":"WebPage","@id":"https:\/\/cliniqueleblancsavaria.ca\/en\/contact-us\/","url":"https:\/\/cliniqueleblancsavaria.ca\/en\/contact-us\/","name":"Contact us - Private Medical Clinic in Blainville, Laval and Mont-Tremblant - LeBlanc + Savaria","isPartOf":{"@id":"https:\/\/cliniqueleblancsavaria.ca\/#website"},"datePublished":"2023-08-04T14:05:55+00:00","dateModified":"2024-03-01T18:42:57+00:00","description":"LeBlanc + Savaria Private Medical Clinics - Portes du Fontainebleau. 75, boul. des Ch\u00e2teaux, bur. 206, Blainville, QC, J7B 2A4. Exit 24 on Autoroute 640.","inLanguage":"en-US","potentialAction":[{"@type":"ReadAction","target":["https:\/\/cliniqueleblancsavaria.ca\/en\/contact-us\/"]}]},{"@type":"WebSite","@id":"https:\/\/cliniqueleblancsavaria.ca\/#website","url":"https:\/\/cliniqueleblancsavaria.ca\/","name":"LeBlanc + Savaria: Cliniques m\u00e9dicales priv\u00e9es \u00e0 Blainville, Laval et Mont-Tremblant","description":"Une clinique \u00e0 l\u2019\u00e9coute de vos besoins","publisher":{"@id":"https:\/\/cliniqueleblancsavaria.ca\/#organization"},"potentialAction":[{"@type":"SearchAction","target":{"@type":"EntryPoint","urlTemplate":"https:\/\/cliniqueleblancsavaria.ca\/?s={search_term_string}"},"query-input":"required name=search_term_string"}],"inLanguage":"en-US"},{"@type":"Organization","@id":"https:\/\/cliniqueleblancsavaria.ca\/#organization","name":"LeBlanc + Savaria: Cliniques m\u00e9dicales priv\u00e9es \u00e0 Blainville, Laval et Mont-Tremblant","url":"https:\/\/cliniqueleblancsavaria.ca\/","logo":{"@type":"ImageObject","inLanguage":"en-US","@id":"https:\/\/cliniqueleblancsavaria.ca\/#\/schema\/logo\/image\/","url":"https:\/\/cliniqueleblancsavaria.ca\/wp-content\/uploads\/2023\/08\/cropped-cropped-favicon.png","contentUrl":"https:\/\/cliniqueleblancsavaria.ca\/wp-content\/uploads\/2023\/08\/cropped-cropped-favicon.png","width":512,"height":512,"caption":"LeBlanc + Savaria: Cliniques m\u00e9dicales priv\u00e9es \u00e0 Blainville, Laval et Mont-Tremblant"},"image":{"@id":"https:\/\/cliniqueleblancsavaria.ca\/#\/schema\/logo\/image\/"},"sameAs":["https:\/\/www.facebook.com\/CliniqueLeBlancSavaria\/"]}]}},"_links":{"self":[{"href":"https:\/\/cliniqueleblancsavaria.ca\/en\/wp-json\/wp\/v2\/pages\/640"}],"collection":[{"href":"https:\/\/cliniqueleblancsavaria.ca\/en\/wp-json\/wp\/v2\/pages"}],"about":[{"href":"https:\/\/cliniqueleblancsavaria.ca\/en\/wp-json\/wp\/v2\/types\/page"}],"author":[{"embeddable":true,"href":"https:\/\/cliniqueleblancsavaria.ca\/en\/wp-json\/wp\/v2\/users\/1"}],"replies":[{"embeddable":true,"href":"https:\/\/cliniqueleblancsavaria.ca\/en\/wp-json\/wp\/v2\/comments?post=640"}],"version-history":[{"count":6,"href":"https:\/\/cliniqueleblancsavaria.ca\/en\/wp-json\/wp\/v2\/pages\/640\/revisions"}],"predecessor-version":[{"id":1180,"href":"https:\/\/cliniqueleblancsavaria.ca\/en\/wp-json\/wp\/v2\/pages\/640\/revisions\/1180"}],"wp:attachment":[{"href":"https:\/\/cliniqueleblancsavaria.ca\/en\/wp-json\/wp\/v2\/media?parent=640"}],"curies":[{"name":"wp","href":"https:\/\/api.w.org\/{rel}","templated":true}]}}