{"id":643,"date":"2023-08-04T10:13:29","date_gmt":"2023-08-04T14:13:29","guid":{"rendered":"http:\/\/cliniqueleblancsavaria.ca\/nous-recrutons\/"},"modified":"2024-01-10T09:21:05","modified_gmt":"2024-01-10T14:21:05","slug":"we-are-hiring","status":"publish","type":"page","link":"https:\/\/cliniqueleblancsavaria.ca\/en\/we-are-hiring\/","title":{"rendered":"We are recruiting"},"content":{"rendered":"\n<div class=\"cdm-block-group is-style-add-separator has-bgbleu-background-color\"><div class=\"content\">\n<p class=\"has-text-align-center animate__fadeInUp toAnimate\">LeBlanc&nbsp;+&nbsp;Savaria Private Medical Clinic offers a stimulating and dynamic working environment in a collaborative and supportive setting. We are looking for people for whom excellent customer service is a reflection of our concern for our patients\u2019 well-being.<\/p>\n\n\n\n<p class=\"has-text-align-center animate__fadeIn toAnimate\">Our completely renovated clinic is located in the heart of Blainville in the Laurentians. We offer competitive salaries and a flexible work schedule based on your work-life balance needs. Our equipment is state-of-the-art and we use electronic medical records for our patients.<\/p>\n<\/div><\/div>\n\n\n\n<div class=\"cdm-cols two-cols\"><div class=\"content\">\n<div class=\"cdm-col  vertical-align-center animate__fadeInLeft toAnimate\"><div class=\"inner-col\">\n<p>If our presentation strikes a chord with you and you want to be part of our clinic\u2019s mission, send us your resume along with a letter of introduction and all relevant documents.<\/p>\n<\/div><\/div>\n\n\n\n<div class=\"cdm-col  animate__fadeInRight toAnimate\"><div class=\"inner-col\">\n<p>We are currently looking for:<\/p>\n\n\n\n<ul>\n<li>A general practitioner<\/li>\n\n\n\n<li>A full-time secretary<\/li>\n\n\n\n<li>A part-time secretary<\/li>\n<\/ul>\n<\/div><\/div>\n<\/div><\/div>\n\n\n\n<div class=\"cdm-block-group\"><div class=\"content\">\n<h2 class=\"wp-block-heading has-text-align-center animate__fadeIn toAnimate\">Apply online !<\/h2>\n\n\n<div class=\"contact-form animate__fadeInUp toAnimate\">\r\n\t<div id=\"form-691\" class=\"cf7-wrapper\" >\r\n\t\t\n<div class=\"wpcf7 no-js\" id=\"wpcf7-f691-o1\" lang=\"fr-CA\" dir=\"ltr\">\n<div class=\"screen-reader-response\"><p role=\"status\" aria-live=\"polite\" aria-atomic=\"true\"><\/p> <ul><\/ul><\/div>\n<form action=\"\/en\/wp-json\/wp\/v2\/pages\/643#wpcf7-f691-o1\" method=\"post\" class=\"wpcf7-form init\" aria-label=\"Contact form\" enctype=\"multipart\/form-data\" novalidate=\"novalidate\" data-status=\"init\">\n<div style=\"display: none;\">\n<input type=\"hidden\" name=\"_wpcf7\" value=\"691\" \/>\n<input type=\"hidden\" name=\"_wpcf7_version\" value=\"5.8.7\" \/>\n<input type=\"hidden\" name=\"_wpcf7_locale\" value=\"fr_CA\" \/>\n<input type=\"hidden\" name=\"_wpcf7_unit_tag\" value=\"wpcf7-f691-o1\" \/>\n<input type=\"hidden\" name=\"_wpcf7_container_post\" value=\"0\" \/>\n<input type=\"hidden\" name=\"_wpcf7_posted_data_hash\" value=\"\" \/>\n<input type=\"hidden\" name=\"_wpcf7_recaptcha_response\" value=\"\" \/>\n<\/div>\n<div class=\"form-row\">\n\t<div class=\"input-wrapper col-4\">\n\t\t<p><span class=\"wpcf7-form-control-wrap\" data-name=\"prenom\"><input size=\"40\" class=\"wpcf7-form-control wpcf7-text wpcf7-validates-as-required\" aria-required=\"true\" aria-invalid=\"false\" placeholder=\"First name\" value=\"\" type=\"text\" name=\"prenom\" \/><\/span>\n\t\t<\/p>\n\t<\/div>\n\t<div class=\"input-wrapper col-4\">\n\t\t<p><span class=\"wpcf7-form-control-wrap\" data-name=\"nom\"><input size=\"40\" class=\"wpcf7-form-control wpcf7-text wpcf7-validates-as-required\" aria-required=\"true\" aria-invalid=\"false\" placeholder=\"Last name\" value=\"\" type=\"text\" name=\"nom\" \/><\/span>\n\t\t<\/p>\n\t<\/div>\n\t<div class=\"input-wrapper col-4\">\n\t\t<p><span class=\"wpcf7-form-control-wrap\" data-name=\"email\"><input size=\"40\" class=\"wpcf7-form-control wpcf7-email wpcf7-validates-as-required wpcf7-text wpcf7-validates-as-email\" aria-required=\"true\" aria-invalid=\"false\" placeholder=\"Email\" value=\"\" type=\"email\" name=\"email\" \/><\/span>\n\t\t<\/p>\n\t<\/div>\n<\/div>\n<div class=\"form-row\">\n\t<div class=\"input-wrapper col-6\">\n\t\t<p><span class=\"wpcf7-form-control-wrap\" data-name=\"adresse\"><input size=\"40\" class=\"wpcf7-form-control wpcf7-text wpcf7-validates-as-required\" aria-required=\"true\" aria-invalid=\"false\" placeholder=\"Address\" value=\"\" type=\"text\" name=\"adresse\" \/><\/span>\n\t\t<\/p>\n\t<\/div>\n\t<div class=\"input-wrapper col-6\">\n\t\t<p><span class=\"wpcf7-form-control-wrap\" data-name=\"ville\"><input size=\"40\" class=\"wpcf7-form-control wpcf7-text wpcf7-validates-as-required\" aria-required=\"true\" aria-invalid=\"false\" placeholder=\"City\" value=\"\" type=\"text\" name=\"ville\" \/><\/span>\n\t\t<\/p>\n\t<\/div>\n<\/div>\n<div class=\"form-row\">\n\t<div class=\"input-wrapper col-6\">\n\t\t<p><span class=\"wpcf7-form-control-wrap\" data-name=\"phone\"><input size=\"40\" class=\"wpcf7-form-control wpcf7-tel wpcf7-validates-as-required wpcf7-text wpcf7-validates-as-tel\" aria-required=\"true\" aria-invalid=\"false\" placeholder=\"Phone\" value=\"\" type=\"tel\" name=\"phone\" \/><\/span>\n\t\t<\/p>\n\t<\/div>\n\t<div class=\"input-wrapper col-6\">\n\t\t<p><span class=\"wpcf7-form-control-wrap\" data-name=\"profession\"><select class=\"wpcf7-form-control wpcf7-select wpcf7-validates-as-required\" aria-required=\"true\" aria-invalid=\"false\" name=\"profession\"><option value=\"\">&#8212;Please choose an option&#8212;<\/option><option value=\"Doctor\">Doctor<\/option><option value=\"Nurse\">Nurse<\/option><option value=\"Secretary\">Secretary<\/option><\/select><\/span>\n\t\t<\/p>\n\t<\/div>\n<\/div>\n<div class=\"form-row\">\n\t<div class=\"input-wrapper col-12\">\n\t\t<p><span class=\"wpcf7-form-control-wrap\" data-name=\"CV\"><input size=\"40\" class=\"wpcf7-form-control wpcf7-file wpcf7-validates-as-required\" accept=\".pdf,.docx\" aria-required=\"true\" aria-invalid=\"false\" type=\"file\" name=\"CV\" \/><\/span>\n\t\t<\/p>\n\t<\/div>\n<\/div>\n<div class=\"wp-container-10 wp-block-buttons\">\n\t<div class=\"wp-block-buttons\">\n\t\t<p><button type=\"submit\" class=\"wpcf7-form-control has-spinner wpcf7-submit button\">Submit<\/button>\n\t\t<\/p>\n\t<\/div>\n<\/div><div class=\"wpcf7-response-output\" aria-hidden=\"true\"><\/div>\n<\/form>\n<\/div>\n\t<\/div>\r\n<\/div>\r\n<\/div><\/div>\n","protected":false},"excerpt":{"rendered":"<p>LeBlanc&nbsp;+&nbsp;Savaria Private Medical Clinic offers a stimulating and dynamic working environment in a collaborative and supportive setting. We are looking for people for whom excellent cust&#8230;<\/p>\n","protected":false},"author":1,"featured_media":0,"parent":0,"menu_order":17,"comment_status":"closed","ping_status":"closed","template":"","meta":{"_acf_changed":false,"inline_featured_image":false,"footnotes":""},"acf":[],"yoast_head":"<!-- This site is optimized with the Yoast SEO plugin v22.0 - https:\/\/yoast.com\/wordpress\/plugins\/seo\/ -->\n<title>Career - Private Medical Clinic in Blainville, Laval and Mont-Tremblant - LeBlanc + Savaria<\/title>\n<meta name=\"description\" content=\"We are Always Looking for People for Whom Excellent Customer Service is a Reflection of Our Concern for Our Patients\u2019 Well-being.\" \/>\n<meta name=\"robots\" content=\"index, follow, max-snippet:-1, max-image-preview:large, max-video-preview:-1\" \/>\n<link rel=\"canonical\" href=\"https:\/\/cliniqueleblancsavaria.ca\/en\/we-are-hiring\/\" \/>\n<meta property=\"og:locale\" content=\"en_US\" \/>\n<meta property=\"og:type\" content=\"article\" \/>\n<meta property=\"og:title\" content=\"Career - Private Medical Clinic in Blainville, Laval and Mont-Tremblant - LeBlanc + Savaria\" \/>\n<meta property=\"og:description\" content=\"We are Always Looking for People for Whom Excellent Customer Service is a Reflection of Our Concern for Our Patients\u2019 Well-being.\" \/>\n<meta property=\"og:url\" content=\"https:\/\/cliniqueleblancsavaria.ca\/en\/we-are-hiring\/\" \/>\n<meta property=\"og:site_name\" content=\"LeBlanc + Savaria\" \/>\n<meta property=\"article:publisher\" content=\"https:\/\/www.facebook.com\/CliniqueLeBlancSavaria\/\" \/>\n<meta property=\"article:modified_time\" content=\"2024-01-10T14:21:05+00:00\" \/>\n<meta property=\"og:image\" content=\"https:\/\/cliniqueleblancsavaria.ca\/wp-content\/uploads\/2024\/02\/coverweb-1080x735px-2024-v2.png\" \/>\n\t<meta property=\"og:image:width\" content=\"1080\" \/>\n\t<meta property=\"og:image:height\" content=\"735\" \/>\n\t<meta property=\"og:image:type\" content=\"image\/png\" \/>\n<meta name=\"twitter:card\" content=\"summary_large_image\" \/>\n<meta name=\"twitter:label1\" content=\"Est. reading time\" \/>\n\t<meta name=\"twitter:data1\" content=\"1 minute\" \/>\n<script type=\"application\/ld+json\" class=\"yoast-schema-graph\">{\"@context\":\"https:\/\/schema.org\",\"@graph\":[{\"@type\":\"WebPage\",\"@id\":\"https:\/\/cliniqueleblancsavaria.ca\/en\/we-are-hiring\/\",\"url\":\"https:\/\/cliniqueleblancsavaria.ca\/en\/we-are-hiring\/\",\"name\":\"Career - Private Medical Clinic in Blainville, Laval and Mont-Tremblant - LeBlanc + Savaria\",\"isPartOf\":{\"@id\":\"https:\/\/cliniqueleblancsavaria.ca\/#website\"},\"datePublished\":\"2023-08-04T14:13:29+00:00\",\"dateModified\":\"2024-01-10T14:21:05+00:00\",\"description\":\"We are Always Looking for People for Whom Excellent Customer Service is a Reflection of Our Concern for Our Patients\u2019 Well-being.\",\"inLanguage\":\"en-US\",\"potentialAction\":[{\"@type\":\"ReadAction\",\"target\":[\"https:\/\/cliniqueleblancsavaria.ca\/en\/we-are-hiring\/\"]}]},{\"@type\":\"WebSite\",\"@id\":\"https:\/\/cliniqueleblancsavaria.ca\/#website\",\"url\":\"https:\/\/cliniqueleblancsavaria.ca\/\",\"name\":\"LeBlanc + Savaria: Cliniques m\u00e9dicales priv\u00e9es \u00e0 Blainville, Laval et Mont-Tremblant\",\"description\":\"Une clinique \u00e0 l\u2019\u00e9coute de vos besoins\",\"publisher\":{\"@id\":\"https:\/\/cliniqueleblancsavaria.ca\/#organization\"},\"potentialAction\":[{\"@type\":\"SearchAction\",\"target\":{\"@type\":\"EntryPoint\",\"urlTemplate\":\"https:\/\/cliniqueleblancsavaria.ca\/?s={search_term_string}\"},\"query-input\":\"required name=search_term_string\"}],\"inLanguage\":\"en-US\"},{\"@type\":\"Organization\",\"@id\":\"https:\/\/cliniqueleblancsavaria.ca\/#organization\",\"name\":\"LeBlanc + Savaria: Cliniques m\u00e9dicales priv\u00e9es \u00e0 Blainville, Laval et Mont-Tremblant\",\"url\":\"https:\/\/cliniqueleblancsavaria.ca\/\",\"logo\":{\"@type\":\"ImageObject\",\"inLanguage\":\"en-US\",\"@id\":\"https:\/\/cliniqueleblancsavaria.ca\/#\/schema\/logo\/image\/\",\"url\":\"https:\/\/cliniqueleblancsavaria.ca\/wp-content\/uploads\/2023\/08\/cropped-cropped-favicon.png\",\"contentUrl\":\"https:\/\/cliniqueleblancsavaria.ca\/wp-content\/uploads\/2023\/08\/cropped-cropped-favicon.png\",\"width\":512,\"height\":512,\"caption\":\"LeBlanc + Savaria: Cliniques m\u00e9dicales priv\u00e9es \u00e0 Blainville, Laval et Mont-Tremblant\"},\"image\":{\"@id\":\"https:\/\/cliniqueleblancsavaria.ca\/#\/schema\/logo\/image\/\"},\"sameAs\":[\"https:\/\/www.facebook.com\/CliniqueLeBlancSavaria\/\"]}]}<\/script>\n<!-- \/ Yoast SEO plugin. -->","yoast_head_json":{"title":"Career - Private Medical Clinic in Blainville, Laval and Mont-Tremblant - LeBlanc + Savaria","description":"We are Always Looking for People for Whom Excellent Customer Service is a Reflection of Our Concern for Our Patients\u2019 Well-being.","robots":{"index":"index","follow":"follow","max-snippet":"max-snippet:-1","max-image-preview":"max-image-preview:large","max-video-preview":"max-video-preview:-1"},"canonical":"https:\/\/cliniqueleblancsavaria.ca\/en\/we-are-hiring\/","og_locale":"en_US","og_type":"article","og_title":"Career - Private Medical Clinic in Blainville, Laval and Mont-Tremblant - LeBlanc + Savaria","og_description":"We are Always Looking for People for Whom Excellent Customer Service is a Reflection of Our Concern for Our Patients\u2019 Well-being.","og_url":"https:\/\/cliniqueleblancsavaria.ca\/en\/we-are-hiring\/","og_site_name":"LeBlanc + Savaria","article_publisher":"https:\/\/www.facebook.com\/CliniqueLeBlancSavaria\/","article_modified_time":"2024-01-10T14:21:05+00:00","og_image":[{"width":1080,"height":735,"url":"https:\/\/cliniqueleblancsavaria.ca\/wp-content\/uploads\/2024\/02\/coverweb-1080x735px-2024-v2.png","type":"image\/png"}],"twitter_card":"summary_large_image","twitter_misc":{"Est. reading time":"1 minute"},"schema":{"@context":"https:\/\/schema.org","@graph":[{"@type":"WebPage","@id":"https:\/\/cliniqueleblancsavaria.ca\/en\/we-are-hiring\/","url":"https:\/\/cliniqueleblancsavaria.ca\/en\/we-are-hiring\/","name":"Career - Private Medical Clinic in Blainville, Laval and Mont-Tremblant - LeBlanc + Savaria","isPartOf":{"@id":"https:\/\/cliniqueleblancsavaria.ca\/#website"},"datePublished":"2023-08-04T14:13:29+00:00","dateModified":"2024-01-10T14:21:05+00:00","description":"We are Always Looking for People for Whom Excellent Customer Service is a Reflection of Our Concern for Our Patients\u2019 Well-being.","inLanguage":"en-US","potentialAction":[{"@type":"ReadAction","target":["https:\/\/cliniqueleblancsavaria.ca\/en\/we-are-hiring\/"]}]},{"@type":"WebSite","@id":"https:\/\/cliniqueleblancsavaria.ca\/#website","url":"https:\/\/cliniqueleblancsavaria.ca\/","name":"LeBlanc + Savaria: Cliniques m\u00e9dicales priv\u00e9es \u00e0 Blainville, Laval et Mont-Tremblant","description":"Une clinique \u00e0 l\u2019\u00e9coute de vos besoins","publisher":{"@id":"https:\/\/cliniqueleblancsavaria.ca\/#organization"},"potentialAction":[{"@type":"SearchAction","target":{"@type":"EntryPoint","urlTemplate":"https:\/\/cliniqueleblancsavaria.ca\/?s={search_term_string}"},"query-input":"required name=search_term_string"}],"inLanguage":"en-US"},{"@type":"Organization","@id":"https:\/\/cliniqueleblancsavaria.ca\/#organization","name":"LeBlanc + Savaria: Cliniques m\u00e9dicales priv\u00e9es \u00e0 Blainville, Laval et Mont-Tremblant","url":"https:\/\/cliniqueleblancsavaria.ca\/","logo":{"@type":"ImageObject","inLanguage":"en-US","@id":"https:\/\/cliniqueleblancsavaria.ca\/#\/schema\/logo\/image\/","url":"https:\/\/cliniqueleblancsavaria.ca\/wp-content\/uploads\/2023\/08\/cropped-cropped-favicon.png","contentUrl":"https:\/\/cliniqueleblancsavaria.ca\/wp-content\/uploads\/2023\/08\/cropped-cropped-favicon.png","width":512,"height":512,"caption":"LeBlanc + Savaria: Cliniques m\u00e9dicales priv\u00e9es \u00e0 Blainville, Laval et Mont-Tremblant"},"image":{"@id":"https:\/\/cliniqueleblancsavaria.ca\/#\/schema\/logo\/image\/"},"sameAs":["https:\/\/www.facebook.com\/CliniqueLeBlancSavaria\/"]}]}},"_links":{"self":[{"href":"https:\/\/cliniqueleblancsavaria.ca\/en\/wp-json\/wp\/v2\/pages\/643"}],"collection":[{"href":"https:\/\/cliniqueleblancsavaria.ca\/en\/wp-json\/wp\/v2\/pages"}],"about":[{"href":"https:\/\/cliniqueleblancsavaria.ca\/en\/wp-json\/wp\/v2\/types\/page"}],"author":[{"embeddable":true,"href":"https:\/\/cliniqueleblancsavaria.ca\/en\/wp-json\/wp\/v2\/users\/1"}],"replies":[{"embeddable":true,"href":"https:\/\/cliniqueleblancsavaria.ca\/en\/wp-json\/wp\/v2\/comments?post=643"}],"version-history":[{"count":7,"href":"https:\/\/cliniqueleblancsavaria.ca\/en\/wp-json\/wp\/v2\/pages\/643\/revisions"}],"predecessor-version":[{"id":1282,"href":"https:\/\/cliniqueleblancsavaria.ca\/en\/wp-json\/wp\/v2\/pages\/643\/revisions\/1282"}],"wp:attachment":[{"href":"https:\/\/cliniqueleblancsavaria.ca\/en\/wp-json\/wp\/v2\/media?parent=643"}],"curies":[{"name":"wp","href":"https:\/\/api.w.org\/{rel}","templated":true}]}}