{"id":647,"date":"2023-08-04T10:11:48","date_gmt":"2023-08-04T14:11:48","guid":{"rendered":"http:\/\/cliniqueleblancsavaria.ca\/?page_id=647"},"modified":"2025-06-27T11:33:09","modified_gmt":"2025-06-27T15:33:09","slug":"references","status":"publish","type":"page","link":"https:\/\/cliniqueleblancsavaria.ca\/en\/references\/","title":{"rendered":"References"},"content":{"rendered":"\n<div class=\"cdm-block-group has-bgbleu-background-color\"><div class=\"content\">\n<h2 class=\"wp-block-heading has-text-align-center\">References Allergists<\/h2>\n\n\n\n<h3 class=\"wp-block-heading has-text-align-center\">RAMQ<\/h3>\n\n\n\n<div class=\"cdm-cols multiples-cols is-style-col-in-card cols-3\"><div class=\"content\">\n<div class=\"cdm-col \"><div class=\"inner-col\">\n<h4 class=\"wp-block-heading\">Polyclinique St-Eustache<\/h4>\n\n\n\n<p><a href=\"tel:4504731916\">450-473-1916<\/a><\/p>\n\n\n\n<p><a target=\"_blank\" href=\"https:\/\/www.google.com\/maps\/dir\/\/375+Av.+Mathers+3e+%C3%A9tage,+Suite+300,+Saint-Eustache,+QC+J7P+4C1\/@45.5816716,-73.8789601,17z\/data=!4m9!4m8!1m0!1m5!1m1!1s0x4cc92527498e6503:0xc85913f398456da!2m2!1d-73.8763798!2d45.5816679!3e0?entry=ttu\" rel=\"noopener\">375, avenue Mathers, 3e \u00e9tage, Suite 300&nbsp;St-Eustache, Qc&nbsp;J7P&nbsp;4C1<\/a><\/p>\n<\/div><\/div>\n\n\n\n<div class=\"cdm-col \"><div class=\"inner-col\">\n<h4 class=\"wp-block-heading\">Clinique d\u2019allergie et d\u2019asthme de Montr\u00e9al<\/h4>\n\n\n\n<p><a href=\"tel:5147394989\">514-739-4989<\/a><\/p>\n\n\n\n<p><a target=\"_blank\" href=\"https:\/\/www.google.com\/maps\/dir\/\/Clinique+Allergie+Asthme+de+Montr%C3%A9al,+1100+Av.+Beaumont+%23208,+Mont-Royal,+QC+H3P+3H5\/@45.5230241,-73.7054678,12z\/data=!3m1!5s0x4cc9197537f3da69:0x77ff5f36e6a5d982!4m9!4m8!1m0!1m5!1m1!1s0x4cc919a056465615:0xfb918fc584358df7!2m2!1d-73.6228948!2d45.5229336!3e0?entry=ttu\" rel=\"noopener\">1100, avenue Beaumont, Suite 208 Mont-Royal, Qc&nbsp;H3P&nbsp;3E5<\/a><\/p>\n<\/div><\/div>\n<\/div><\/div>\n\n\n\n<h3 class=\"wp-block-heading has-text-align-center\">Private<\/h3>\n\n\n\n<div class=\"cdm-cols multiples-cols is-style-col-in-card cols-3\"><div class=\"content\">\n<div class=\"cdm-col \"><div class=\"inner-col\">\n<h4 class=\"wp-block-heading\">Clinique Union MD<\/h4>\n\n\n\n<p><a href=\"tel:5144003291\">514-400-3291<\/a> ou <a href=\"tel:5146003965\">514-600-3965<\/a><\/p>\n\n\n\n<p><a target=\"_blank\" href=\"https:\/\/www.google.com\/maps\/dir\/\/1191+Av.+Union,+Montr%C3%A9al,+QC+H3B+3C3\/@45.5031444,-73.6500427,12z\/data=!3m1!5s0x4cc9197537f3da69:0x77ff5f36e6a5d982!4m9!4m8!1m0!1m5!1m1!1s0x4cc91a44e15dd68b:0x892d5622317c8056!2m2!1d-73.5674697!2d45.5030538!3e0?entry=ttu\" rel=\"noopener\">1191, rue Union, Montr\u00e9al, Qc&nbsp;H3B&nbsp;3C3<\/a><\/p>\n<\/div><\/div>\n\n\n\n<div class=\"cdm-col \"><div class=\"inner-col\">\n<h4 class=\"wp-block-heading\">Clinique m\u00e9dicale Lacroix<\/h4>\n\n\n\n<p><a href=\"tel:18558411911\">1-855-841-1911<\/a><\/p>\n\n\n\n<p>Plusieurs adresses<\/p>\n<\/div><\/div>\n<\/div><\/div>\n<\/div><\/div>\n\n\n\n<div class=\"cdm-block-group has-bgbleu-background-color\"><div class=\"content\">\n<h2 class=\"wp-block-heading has-text-align-center\">References Dermatologists<\/h2>\n\n\n\n<h3 class=\"wp-block-heading has-text-align-center\">RAMQ<\/h3>\n\n\n\n<div class=\"cdm-cols multiples-cols is-style-col-in-card cols-3\"><div class=\"content\">\n<div class=\"cdm-col \"><div class=\"inner-col\">\n<h4 class=\"wp-block-heading\">Clinique D<\/h4>\n\n\n\n<p><a href=\"tel:4502396285\">450-239-6285<\/a><\/p>\n\n\n\n<p><a target=\"_blank\" href=\"https:\/\/www.google.com\/maps\/dir\/\/1150+Bd+de+l'Avenir+%23300,+Laval,+QC+H7N+6L2\/@45.5635533,-73.8069949,12z\/data=!3m1!5s0x4cc9197537f3da69:0x77ff5f36e6a5d982!4m9!4m8!1m0!1m5!1m1!1s0x4cc92233e3a2d5d5:0x472348fed810c897!2m2!1d-73.7244219!2d45.5634629!3e0?entry=ttu\" rel=\"noreferrer noopener\">1150, boul. de l\u2019Avenir, Bureau 300, Laval, Qc&nbsp;H7N&nbsp;6L2<\/a><\/p>\n<\/div><\/div>\n\n\n\n<div class=\"cdm-col \"><div class=\"inner-col\">\n<h4 class=\"wp-block-heading\">CTC International Dr Thomas Kohn<\/h4>\n\n\n\n<p><a href=\"tel:5149338052\">514-933-8052<\/a><\/p>\n\n\n\n<p><a target=\"_blank\" href=\"https:\/\/www.google.com\/maps\/dir\/\/1538+Rue+Sherbrooke+O,+Montr%C3%A9al,+QC+H3H+2L9\/@45.5635533,-73.8069949,12z\/data=!3m1!5s0x4cc9197537f3da69:0x77ff5f36e6a5d982!4m9!4m8!1m0!1m5!1m1!1s0x4cc91a6ac1818219:0x5f21df911b4469d!2m2!1d-73.581171!2d45.4966174!3e0?entry=ttu\" rel=\"noreferrer noopener\">1538, rue Sherbrooke Ouest, Montr\u00e9al, Qc&nbsp;H3G&nbsp;1L5<\/a><\/p>\n<\/div><\/div>\n<\/div><\/div>\n<\/div><\/div>\n\n\n\n<div class=\"cdm-block-group has-bgbleu-background-color\"><div class=\"content\">\n<h2 class=\"wp-block-heading has-text-align-center\">References Gynecologists<\/h2>\n\n\n\n<h3 class=\"wp-block-heading has-text-align-center\">RAMQ<\/h3>\n\n\n\n<div class=\"cdm-cols multiples-cols is-style-col-in-card cols-3\"><div class=\"content\">\n<div class=\"cdm-col \"><div class=\"inner-col\">\n<h4 class=\"wp-block-heading\">Gyn\u00e9cologie Renaissance<\/h4>\n\n\n\n<p><a href=\"tel:4504911150\">450-491-1150<\/a><\/p>\n\n\n\n<p><a target=\"_blank\" href=\"https:\/\/www.google.com\/maps\/dir\/\/376+Bd+Arthur-Sauv%C3%A9,+Saint-Eustache,+QC+J7R+2J4\/@45.5621109,-73.9093405,16z\/data=!3m1!5s0x4cc9197537f3da69:0x77ff5f36e6a5d982!4m9!4m8!1m0!1m5!1m1!1s0x4cc92f82e3d84081:0xd26a621b9190b3c2!2m2!1d-73.9041799!2d45.5621035!3e0?entry=ttu\" rel=\"noopener\">376, boul. Arthur-Sauv\u00e9, St-Eustache, Qc<\/a><\/p>\n<\/div><\/div>\n\n\n\n<div class=\"cdm-col \"><div class=\"inner-col\">\n<h4 class=\"wp-block-heading\">Gyn\u00e9cologues associ\u00e9s de Laval<\/h4>\n\n\n\n<p><a href=\"tel:4506683250\">450-668-3250<\/a><br>(Pregnancy follow-up)<\/p>\n\n\n\n<p><a target=\"_blank\" href=\"https:\/\/www.google.com\/maps\/dir\/\/1299+Boul.+de+la+Concorde+O.,+Laval,+QC+H7N+5T4\/@45.5603123,-73.7179479,16z\/data=!3m1!5s0x4cc9197537f3da69:0x77ff5f36e6a5d982!4m9!4m8!1m0!1m5!1m1!1s0x4cc9223eb69cb1c9:0x12b61f7446cae9ac!2m2!1d-73.7127873!2d45.5603049!3e0?entry=ttu\" rel=\"noopener\">1299, boul. de la Concorde Ouest, Laval, Qc&nbsp;H7N&nbsp;5T4<\/a><\/p>\n<\/div><\/div>\n\n\n\n<div class=\"cdm-col \"><div class=\"inner-col\">\n<h4 class=\"wp-block-heading\">Clinique de Sant\u00e9 des Femmes<\/h4>\n\n\n\n<p><a href=\"tel:5143338105\">514-333-8105<\/a><\/p>\n\n\n\n<p><a target=\"_blank\" href=\"https:\/\/www.google.com\/maps\/dir\/\/5180+Boul+Gouin+O,+Montr%C3%A9al,+QC+H4J+1C3\/@45.5356342,-73.7970404,12z\/data=!3m1!5s0x4cc9197537f3da69:0x77ff5f36e6a5d982!4m9!4m8!1m0!1m5!1m1!1s0x4cc9228a3cbdefa7:0x6d9c67f90de44809!2m2!1d-73.7144674!2d45.5355437!3e0?entry=ttu\" rel=\"noreferrer noopener\">5180, boul. Gouin Ouest, Montr\u00e9al, Qc&nbsp;H4J&nbsp;1C3<\/a><\/p>\n<\/div><\/div>\n\n\n\n<div class=\"cdm-col \"><div class=\"inner-col\">\n<h4 class=\"wp-block-heading\">Horizon F\u00e9minin<\/h4>\n\n\n\n<p><a href=\"tel:4504364228\">450-436-4228<\/a><\/p>\n\n\n\n<p><a target=\"_blank\" href=\"https:\/\/www.google.com\/maps\/dir\/\/200+Rue+Durand+suite+206,+Saint-J%C3%A9r%C3%B4me,+QC+J7Z+7E2\/@45.7668785,-74.0841251,12z\/data=!3m1!5s0x4cc9197537f3da69:0x77ff5f36e6a5d982!4m9!4m8!1m0!1m5!1m1!1s0x4ccf2b5a0965d60d:0xc252f1bca218f9fe!2m2!1d-74.0015521!2d45.7667885!3e0?entry=ttu\" rel=\"noopener\">200, rue Durand, #206, St-J\u00e9r\u00f4me, Qc&nbsp;J7Z&nbsp;7E2<\/a><\/p>\n<\/div><\/div>\n<\/div><\/div>\n\n\n\n<h3 class=\"wp-block-heading has-text-align-center\">Private<\/h3>\n\n\n\n<div class=\"cdm-cols multiples-cols is-style-col-in-card cols-3\"><div class=\"content\">\n<div class=\"cdm-col \"><div class=\"inner-col\">\n<h4 class=\"wp-block-heading\">La Clinique Physimed Inc.<\/h4>\n\n\n\n<p><a href=\"tel:5147478185\">514-747-8185<\/a><\/p>\n\n\n\n<p>Several addresses<\/p>\n\n\n\n<p>Specialized medicine<\/p>\n\n\n\n<p>No consultation or paptest, only surgery<\/p>\n<\/div><\/div>\n\n\n\n<div class=\"cdm-col \"><div class=\"inner-col\">\n<h4 class=\"wp-block-heading\">Clinique m\u00e9dicale Lacroix<\/h4>\n\n\n\n<p><a href=\"tel:4506886161\">450-688-6161<\/a><\/p>\n\n\n\n<p>Several addresses<\/p>\n<\/div><\/div>\n\n\n\n<div class=\"cdm-col \"><div class=\"inner-col\">\n<h4 class=\"wp-block-heading\">Clinique Union MD<\/h4>\n\n\n\n<p><a href=\"tel:5146003965\">514-600-3965<\/a> ou <a href=\"tel:5144003291\">514-400-3291<\/a><\/p>\n\n\n\n<p><a target=\"_blank\" href=\"https:\/\/www.google.com\/maps\/dir\/\/UnionMD+%7C+Clinique+Priv%C3%A9e+Ouest+De+L'Ile+%7C+Private+Clinic+West+Island,+15000+Pierrefonds+Blvd.+3rd+Floor,+Pierrefonds-Roxboro,+Quebec+H9H+4G2\/@45.4821869,-73.9441553,12z\/data=!3m1!5s0x4cc9197537f3da69:0x77ff5f36e6a5d982!4m9!4m8!1m0!1m5!1m1!1s0x4cc93b9e1be69b17:0x5b9b011bf208d196!2m2!1d-73.8615823!2d45.4820963!3e0?entry=ttu\" rel=\"noopener\">15000, boul. Pierrefonds, Suite 300, Pierrefonds, Qc&nbsp;H9H&nbsp;4G2<\/a><\/p>\n<\/div><\/div>\n<\/div><\/div>\n<\/div><\/div>\n\n\n\n<div class=\"cdm-block-group is-style-default has-bgbleu-background-color\"><div class=\"content\">\n<h2 class=\"wp-block-heading has-text-align-center\">R\u00e9f\u00e9rences ORL<\/h2>\n\n\n\n<h3 class=\"wp-block-heading has-text-align-center\">RAMQ<\/h3>\n\n\n\n<div class=\"cdm-cols multiples-cols is-style-col-in-card cols-3\"><div class=\"content\">\n<div class=\"cdm-col \"><div class=\"inner-col\">\n<h4 class=\"wp-block-heading\">Clinique ORL Le Carrefour<\/h4>\n\n\n\n<p><a href=\"tel:450-687-1750\">450-687-1750<\/a><\/p>\n\n\n\n<p><a href=\"https:\/\/www.google.com\/maps\/dir\/\/3030+Boul.+le+Carrefour+suite+401,+Laval,+QC+H7T+2P5\/@45.5675257,-73.8325819,12z\/data=!3m2!4b1!5s0x4cc9197537f3da69:0x77ff5f36e6a5d982!4m9!4m8!1m0!1m5!1m1!1s0x4cc923c3ebae26c1:0x7c1c0335a5c761c4!2m2!1d-73.7500089!2d45.5674353!3e0?entry=ttu\" target=\"_blank\" rel=\"noopener\">3030, boul. Le Carrefour, #401, Laval, Qc&nbsp;H7T&nbsp;2P5<\/a><\/p>\n<\/div><\/div>\n\n\n\n<div class=\"cdm-col \"><div class=\"inner-col\">\n<h4 class=\"wp-block-heading\">Polyclinique de l\u2019oreille<\/h4>\n\n\n\n<p><a href=\"tel:450-582-0333\">450-582-0333<\/a><\/p>\n\n\n\n<p><a href=\"https:\/\/www.google.com\/maps\/dir\/\/950+Mnt+des+Pionniers+bureau+370,+Terrebonne,+QC+J6V+1S8\/@45.724928,-73.5900628,12z\/data=!3m1!5s0x4cc9197537f3da69:0x77ff5f36e6a5d982!4m9!4m8!1m0!1m5!1m1!1s0x4cc8e6ebf81242bd:0xd6b97f30d5bc84ed!2m2!1d-73.5074898!2d45.7248379!3e0?entry=ttu\" target=\"_blank\" rel=\"noopener\">950, mont\u00e9e des Pionniers, #370, Lachenaie, Qc&nbsp;J6V&nbsp;1S8<\/a><\/p>\n\n\n\n<p>Preferably via CRDS<\/p>\n<\/div><\/div>\n\n\n\n<div class=\"cdm-col \"><div class=\"inner-col\">\n<h4 class=\"wp-block-heading\">Clinique Lobe<\/h4>\n\n\n\n<p><a href=\"tel:18664115623\">1-866-411-5623<\/a><\/p>\n\n\n\n<p>ENT services available in Mirabel, St-J\u00e9r\u00f4me and Laval<\/p>\n\n\n\n<p>Must go through CRDS<\/p>\n<\/div><\/div>\n\n\n\n<div class=\"cdm-col \"><div class=\"inner-col\">\n<h4 class=\"wp-block-heading\">Polyclinique St-Eustache<\/h4>\n\n\n\n<p><a href=\"tel:4509871646\">450-987-1646<\/a><\/p>\n\n\n\n<p><a target=\"_blank\" href=\"https:\/\/www.google.com\/maps\/dir\/\/375+Av.+Mathers+3e+%C3%A9tage,+%23300,+Saint-Eustache,+QC+J7P+4C1\/@45.5817583,-73.9589528,12z\/data=!3m1!5s0x4cc9197537f3da69:0x77ff5f36e6a5d982!4m9!4m8!1m0!1m5!1m1!1s0x4cc92527498e6503:0x5cfd8051ecaef031!2m2!1d-73.8763798!2d45.5816679!3e0?entry=ttu\" rel=\"noopener\">375, avenue Mathers, 3e \u00e9tage, #300, St-Eustache, Qc<\/a><\/p>\n<\/div><\/div>\n<\/div><\/div>\n\n\n\n<h3 class=\"wp-block-heading has-text-align-center\">Private<\/h3>\n\n\n\n<div class=\"cdm-cols multiples-cols is-style-col-in-card cols-3\"><div class=\"content\">\n<div class=\"cdm-col \"><div class=\"inner-col\">\n<h4 class=\"wp-block-heading\">Clinique m\u00e9dicale Lacroix<\/h4>\n\n\n\n<p><a href=\"tel:18558411911\">1-855-841-1911<\/a><\/p>\n\n\n\n<p>Plusieurs adresses<\/p>\n<\/div><\/div>\n\n\n\n<div class=\"cdm-col \"><div class=\"inner-col\">\n<h4 class=\"wp-block-heading\">Clinique Elie<\/h4>\n\n\n\n<p><a href=\"tel:5149440797\">514-944-0797<\/a><\/p>\n\n\n\n<p><a target=\"_blank\" href=\"https:\/\/www.google.com\/maps\/dir\/\/5455+Av.+de+Gasp%C3%A9,+Montr%C3%A9al,+QC+H2T+3B3\/@45.5273681,-73.6011337,16z\/data=!3m1!5s0x4cc9197537f3da69:0x77ff5f36e6a5d982!4m9!4m8!1m0!1m5!1m1!1s0x4cc9197c8d8469ed:0x8269e006f5c4199b!2m2!1d-73.5959731!2d45.5273607!3e0?entry=ttu\" rel=\"noopener\">5455, avenue de Gasp\u00e9, Montr\u00e9al, Qc&nbsp;H2T&nbsp;3B3<\/a><\/p>\n<\/div><\/div>\n\n\n\n<div class=\"cdm-col \"><div class=\"inner-col\">\n<h4 class=\"wp-block-heading\">ExcelleMD<\/h4>\n\n\n\n<p><a href=\"tel:4509037516\">450-903-7516<\/a><\/p>\n\n\n\n<p><a target=\"_blank\" href=\"https:\/\/www.google.com\/maps\/dir\/\/460,+rue+Durand,+%23101+St-Eustache,+Qc+J7R+0C9\/@45.5679288,-73.9954544,12z\/data=!3m1!5s0x4cc9197537f3da69:0x77ff5f36e6a5d982!4m2!4m1!3e0?entry=ttu\" rel=\"noopener\">460, rue Durand, #101, St-Eustache, Qc&nbsp;J7R&nbsp;0C9<\/a><\/p>\n<\/div><\/div>\n\n\n\n<div class=\"cdm-col \"><div class=\"inner-col\">\n<h4 class=\"wp-block-heading\">La Clinique Physimed Inc.<\/h4>\n\n\n\n<p><a href=\"tel:5147478185\">514-747-8185<\/a><\/p>\n\n\n\n<p>Several addresses<\/p>\n\n\n\n<p>Specialized medicine<\/p>\n<\/div><\/div>\n<\/div><\/div>\n<\/div><\/div>\n","protected":false},"excerpt":{"rendered":"","protected":false},"author":1,"featured_media":0,"parent":0,"menu_order":21,"comment_status":"closed","ping_status":"closed","template":"","meta":{"_acf_changed":false,"inline_featured_image":false,"footnotes":""},"acf":[],"yoast_head":"<!-- This site is optimized with the Yoast SEO plugin v22.0 - https:\/\/yoast.com\/wordpress\/plugins\/seo\/ -->\n<title>References - LeBlanc + Savaria<\/title>\n<meta name=\"robots\" content=\"index, follow, max-snippet:-1, max-image-preview:large, max-video-preview:-1\" \/>\n<link rel=\"canonical\" href=\"https:\/\/cliniqueleblancsavaria.ca\/en\/references\/\" \/>\n<meta property=\"og:locale\" content=\"en_US\" \/>\n<meta property=\"og:type\" content=\"article\" \/>\n<meta property=\"og:title\" content=\"References - LeBlanc + Savaria\" \/>\n<meta property=\"og:url\" content=\"https:\/\/cliniqueleblancsavaria.ca\/en\/references\/\" \/>\n<meta property=\"og:site_name\" content=\"LeBlanc + Savaria\" \/>\n<meta property=\"article:publisher\" content=\"https:\/\/www.facebook.com\/CliniqueLeBlancSavaria\/\" \/>\n<meta property=\"article:modified_time\" content=\"2025-06-27T15:33:09+00:00\" \/>\n<meta property=\"og:image\" content=\"https:\/\/cliniqueleblancsavaria.ca\/wp-content\/uploads\/2024\/02\/coverweb-1080x735px-2024-v2.png\" \/>\n\t<meta property=\"og:image:width\" content=\"1080\" \/>\n\t<meta property=\"og:image:height\" content=\"735\" \/>\n\t<meta property=\"og:image:type\" content=\"image\/png\" \/>\n<meta name=\"twitter:card\" content=\"summary_large_image\" \/>\n<meta name=\"twitter:label1\" content=\"Est. reading time\" \/>\n\t<meta name=\"twitter:data1\" content=\"2 minutes\" \/>\n<script type=\"application\/ld+json\" class=\"yoast-schema-graph\">{\"@context\":\"https:\/\/schema.org\",\"@graph\":[{\"@type\":\"WebPage\",\"@id\":\"https:\/\/cliniqueleblancsavaria.ca\/en\/references\/\",\"url\":\"https:\/\/cliniqueleblancsavaria.ca\/en\/references\/\",\"name\":\"References - LeBlanc + Savaria\",\"isPartOf\":{\"@id\":\"https:\/\/cliniqueleblancsavaria.ca\/#website\"},\"datePublished\":\"2023-08-04T14:11:48+00:00\",\"dateModified\":\"2025-06-27T15:33:09+00:00\",\"inLanguage\":\"en-US\",\"potentialAction\":[{\"@type\":\"ReadAction\",\"target\":[\"https:\/\/cliniqueleblancsavaria.ca\/en\/references\/\"]}]},{\"@type\":\"WebSite\",\"@id\":\"https:\/\/cliniqueleblancsavaria.ca\/#website\",\"url\":\"https:\/\/cliniqueleblancsavaria.ca\/\",\"name\":\"LeBlanc + Savaria: Cliniques m\u00e9dicales priv\u00e9es \u00e0 Blainville, Laval et Mont-Tremblant\",\"description\":\"Une clinique \u00e0 l\u2019\u00e9coute de vos besoins\",\"publisher\":{\"@id\":\"https:\/\/cliniqueleblancsavaria.ca\/#organization\"},\"potentialAction\":[{\"@type\":\"SearchAction\",\"target\":{\"@type\":\"EntryPoint\",\"urlTemplate\":\"https:\/\/cliniqueleblancsavaria.ca\/?s={search_term_string}\"},\"query-input\":\"required name=search_term_string\"}],\"inLanguage\":\"en-US\"},{\"@type\":\"Organization\",\"@id\":\"https:\/\/cliniqueleblancsavaria.ca\/#organization\",\"name\":\"LeBlanc + Savaria: Cliniques m\u00e9dicales priv\u00e9es \u00e0 Blainville, Laval et Mont-Tremblant\",\"url\":\"https:\/\/cliniqueleblancsavaria.ca\/\",\"logo\":{\"@type\":\"ImageObject\",\"inLanguage\":\"en-US\",\"@id\":\"https:\/\/cliniqueleblancsavaria.ca\/#\/schema\/logo\/image\/\",\"url\":\"https:\/\/cliniqueleblancsavaria.ca\/wp-content\/uploads\/2023\/08\/cropped-cropped-favicon.png\",\"contentUrl\":\"https:\/\/cliniqueleblancsavaria.ca\/wp-content\/uploads\/2023\/08\/cropped-cropped-favicon.png\",\"width\":512,\"height\":512,\"caption\":\"LeBlanc + Savaria: Cliniques m\u00e9dicales priv\u00e9es \u00e0 Blainville, Laval et Mont-Tremblant\"},\"image\":{\"@id\":\"https:\/\/cliniqueleblancsavaria.ca\/#\/schema\/logo\/image\/\"},\"sameAs\":[\"https:\/\/www.facebook.com\/CliniqueLeBlancSavaria\/\"]}]}<\/script>\n<!-- \/ Yoast SEO plugin. -->","yoast_head_json":{"title":"References - LeBlanc + Savaria","robots":{"index":"index","follow":"follow","max-snippet":"max-snippet:-1","max-image-preview":"max-image-preview:large","max-video-preview":"max-video-preview:-1"},"canonical":"https:\/\/cliniqueleblancsavaria.ca\/en\/references\/","og_locale":"en_US","og_type":"article","og_title":"References - LeBlanc + Savaria","og_url":"https:\/\/cliniqueleblancsavaria.ca\/en\/references\/","og_site_name":"LeBlanc + Savaria","article_publisher":"https:\/\/www.facebook.com\/CliniqueLeBlancSavaria\/","article_modified_time":"2025-06-27T15:33:09+00:00","og_image":[{"width":1080,"height":735,"url":"https:\/\/cliniqueleblancsavaria.ca\/wp-content\/uploads\/2024\/02\/coverweb-1080x735px-2024-v2.png","type":"image\/png"}],"twitter_card":"summary_large_image","twitter_misc":{"Est. reading time":"2 minutes"},"schema":{"@context":"https:\/\/schema.org","@graph":[{"@type":"WebPage","@id":"https:\/\/cliniqueleblancsavaria.ca\/en\/references\/","url":"https:\/\/cliniqueleblancsavaria.ca\/en\/references\/","name":"References - LeBlanc + Savaria","isPartOf":{"@id":"https:\/\/cliniqueleblancsavaria.ca\/#website"},"datePublished":"2023-08-04T14:11:48+00:00","dateModified":"2025-06-27T15:33:09+00:00","inLanguage":"en-US","potentialAction":[{"@type":"ReadAction","target":["https:\/\/cliniqueleblancsavaria.ca\/en\/references\/"]}]},{"@type":"WebSite","@id":"https:\/\/cliniqueleblancsavaria.ca\/#website","url":"https:\/\/cliniqueleblancsavaria.ca\/","name":"LeBlanc + Savaria: Cliniques m\u00e9dicales priv\u00e9es \u00e0 Blainville, Laval et Mont-Tremblant","description":"Une clinique \u00e0 l\u2019\u00e9coute de vos besoins","publisher":{"@id":"https:\/\/cliniqueleblancsavaria.ca\/#organization"},"potentialAction":[{"@type":"SearchAction","target":{"@type":"EntryPoint","urlTemplate":"https:\/\/cliniqueleblancsavaria.ca\/?s={search_term_string}"},"query-input":"required name=search_term_string"}],"inLanguage":"en-US"},{"@type":"Organization","@id":"https:\/\/cliniqueleblancsavaria.ca\/#organization","name":"LeBlanc + Savaria: Cliniques m\u00e9dicales priv\u00e9es \u00e0 Blainville, Laval et Mont-Tremblant","url":"https:\/\/cliniqueleblancsavaria.ca\/","logo":{"@type":"ImageObject","inLanguage":"en-US","@id":"https:\/\/cliniqueleblancsavaria.ca\/#\/schema\/logo\/image\/","url":"https:\/\/cliniqueleblancsavaria.ca\/wp-content\/uploads\/2023\/08\/cropped-cropped-favicon.png","contentUrl":"https:\/\/cliniqueleblancsavaria.ca\/wp-content\/uploads\/2023\/08\/cropped-cropped-favicon.png","width":512,"height":512,"caption":"LeBlanc + Savaria: Cliniques m\u00e9dicales priv\u00e9es \u00e0 Blainville, Laval et Mont-Tremblant"},"image":{"@id":"https:\/\/cliniqueleblancsavaria.ca\/#\/schema\/logo\/image\/"},"sameAs":["https:\/\/www.facebook.com\/CliniqueLeBlancSavaria\/"]}]}},"_links":{"self":[{"href":"https:\/\/cliniqueleblancsavaria.ca\/en\/wp-json\/wp\/v2\/pages\/647"}],"collection":[{"href":"https:\/\/cliniqueleblancsavaria.ca\/en\/wp-json\/wp\/v2\/pages"}],"about":[{"href":"https:\/\/cliniqueleblancsavaria.ca\/en\/wp-json\/wp\/v2\/types\/page"}],"author":[{"embeddable":true,"href":"https:\/\/cliniqueleblancsavaria.ca\/en\/wp-json\/wp\/v2\/users\/1"}],"replies":[{"embeddable":true,"href":"https:\/\/cliniqueleblancsavaria.ca\/en\/wp-json\/wp\/v2\/comments?post=647"}],"version-history":[{"count":6,"href":"https:\/\/cliniqueleblancsavaria.ca\/en\/wp-json\/wp\/v2\/pages\/647\/revisions"}],"predecessor-version":[{"id":3609,"href":"https:\/\/cliniqueleblancsavaria.ca\/en\/wp-json\/wp\/v2\/pages\/647\/revisions\/3609"}],"wp:attachment":[{"href":"https:\/\/cliniqueleblancsavaria.ca\/en\/wp-json\/wp\/v2\/media?parent=647"}],"curies":[{"name":"wp","href":"https:\/\/api.w.org\/{rel}","templated":true}]}}